{"id":233,"date":"2020-03-11T08:50:30","date_gmt":"2020-03-11T08:50:30","guid":{"rendered":"https:\/\/vereinlindentalpark-boll.ch\/?page_id=233"},"modified":"2020-03-11T09:33:58","modified_gmt":"2020-03-11T09:33:58","slug":"rueckmeldungen-an-die-programmgruppe","status":"publish","type":"page","link":"https:\/\/vereinlindentalpark-boll.ch\/?page_id=233","title":{"rendered":"R\u00fcckmeldungen an die Programmgruppe"},"content":{"rendered":"\n<p>Wir wollen wegen der besonderen Lage (Corona&#8230;) m\u00f6glichst direkte Kontakte vermeiden. Deshalb kannst du  Ideen f\u00fcr unsere Angebote elektronisch oder schriftlich (Vereinsbriefkasten) zustellen. Das n\u00e4chste Programm steht bereits, aber f\u00fcr 2021 nehmen wir  gerne Anregungen bis Ende August entgegen. <\/p>\n\n\n\n<p><strong>Wir sind auf deine R\u00fcckmeldungen angewiesen&#8230;<\/strong><\/p>\n\n\n\n<p>Du kannst uns Deine Anregungen  und W\u00fcnsche  zum Programm des Vereins Lindentalpark hier direkt eingeben. Du kannst dabei bevorzugte Themen direkt anklicken oder eigene Vorschl\u00e4ge unten ins Feld eingeben.<\/p>\n\n\n\n<p>Danke!<\/p>\n\n\n\n\n<div class=\"wpcf7 no-js\" id=\"wpcf7-f232-o1\" lang=\"de-CH\" dir=\"ltr\" data-wpcf7-id=\"232\">\n<div class=\"screen-reader-response\"><p role=\"status\" aria-live=\"polite\" aria-atomic=\"true\"><\/p> <ul><\/ul><\/div>\n<form action=\"\/index.php?rest_route=%2Fwp%2Fv2%2Fpages%2F233#wpcf7-f232-o1\" method=\"post\" class=\"wpcf7-form init\" aria-label=\"Contact form\" novalidate=\"novalidate\" data-status=\"init\">\n<fieldset class=\"hidden-fields-container\"><input type=\"hidden\" name=\"_wpcf7\" value=\"232\" \/><input type=\"hidden\" name=\"_wpcf7_version\" value=\"6.1.5\" \/><input type=\"hidden\" name=\"_wpcf7_locale\" value=\"de_CH\" \/><input type=\"hidden\" name=\"_wpcf7_unit_tag\" value=\"wpcf7-f232-o1\" \/><input type=\"hidden\" name=\"_wpcf7_container_post\" value=\"0\" \/><input type=\"hidden\" name=\"_wpcf7_posted_data_hash\" value=\"\" \/>\n<\/fieldset>\n<p><label> Ihr Name (erforderlich)<br \/>\n<span class=\"wpcf7-form-control-wrap\" data-name=\"your-name\"><input size=\"40\" maxlength=\"400\" class=\"wpcf7-form-control wpcf7-text wpcf7-validates-as-required\" aria-required=\"true\" aria-invalid=\"false\" value=\"\" type=\"text\" name=\"your-name\" \/><\/span> <\/label>\n<\/p>\n<p><label> Ihre E-Mail (erforderlich)<br \/>\n<span class=\"wpcf7-form-control-wrap\" data-name=\"your-email\"><input size=\"40\" maxlength=\"400\" class=\"wpcf7-form-control wpcf7-email wpcf7-validates-as-required wpcf7-text wpcf7-validates-as-email\" aria-required=\"true\" aria-invalid=\"false\" value=\"\" type=\"email\" name=\"your-email\" \/><\/span> <\/label>\n<\/p>\n<p><label> Ihr Telefon (erforderlich)<br \/>\n<span class=\"wpcf7-form-control-wrap\" data-name=\"tel-358\"><input size=\"40\" maxlength=\"400\" class=\"wpcf7-form-control wpcf7-tel wpcf7-validates-as-required wpcf7-text wpcf7-validates-as-tel\" aria-required=\"true\" aria-invalid=\"false\" value=\"\" type=\"tel\" name=\"tel-358\" \/><\/span> <\/label>\n<\/p>\n<p><label> Kreuze bitte an, welche Beitr\u00e4ge Du(weiterhin) im Programm sehen m\u00f6chtest: <\/label>\n<\/p>\n<p><span class=\"wpcf7-form-control-wrap\" data-name=\"acceptance-893\"><span class=\"wpcf7-form-control wpcf7-acceptance optional\"><span class=\"wpcf7-list-item\"><label><input type=\"checkbox\" name=\"acceptance-893\" value=\"1\" aria-invalid=\"false\" \/><span class=\"wpcf7-list-item-label\">Pro Senectute Beitr\u00e4ge<\/span><\/label><\/span><\/span><\/span><br \/>\n<span class=\"wpcf7-form-control-wrap\" data-name=\"acceptance-578\"><span class=\"wpcf7-form-control wpcf7-acceptance optional\"><span class=\"wpcf7-list-item\"><label><input type=\"checkbox\" name=\"acceptance-578\" value=\"1\" aria-invalid=\"false\" \/><span class=\"wpcf7-list-item-label\">Reiseberichte<\/span><\/label><\/span><\/span><\/span><br \/>\n<span class=\"wpcf7-form-control-wrap\" data-name=\"acceptance-108\"><span class=\"wpcf7-form-control wpcf7-acceptance optional\"><span class=\"wpcf7-list-item\"><label><input type=\"checkbox\" name=\"acceptance-108\" value=\"1\" aria-invalid=\"false\" \/><span class=\"wpcf7-list-item-label\">Spiel-\/Jassnachmittage<\/span><\/label><\/span><\/span><\/span><br \/>\n<span class=\"wpcf7-form-control-wrap\" data-name=\"acceptance-502\"><span class=\"wpcf7-form-control wpcf7-acceptance optional\"><span class=\"wpcf7-list-item\"><label><input type=\"checkbox\" name=\"acceptance-502\" value=\"1\" aria-invalid=\"false\" \/><span class=\"wpcf7-list-item-label\">Gesundheit (Defibrillator, 1. Hilfe...)<\/span><\/label><\/span><\/span><\/span><br \/>\n<span class=\"wpcf7-form-control-wrap\" data-name=\"acceptance-897\"><span class=\"wpcf7-form-control wpcf7-acceptance optional\"><span class=\"wpcf7-list-item\"><label><input type=\"checkbox\" name=\"acceptance-897\" value=\"1\" aria-invalid=\"false\" \/><span class=\"wpcf7-list-item-label\">Rechtliches (Vorsorge, Erbfragen...)<\/span><\/label><\/span><\/span><\/span><br \/>\n<span class=\"wpcf7-form-control-wrap\" data-name=\"acceptance-832\"><span class=\"wpcf7-form-control wpcf7-acceptance optional\"><span class=\"wpcf7-list-item\"><label><input type=\"checkbox\" name=\"acceptance-832\" value=\"1\" aria-invalid=\"false\" \/><span class=\"wpcf7-list-item-label\">Lesungen, Erz\u00e4hlungen (Austausch, Erinnerungen...)<\/span><\/label><\/span><\/span><\/span><br \/>\n<span class=\"wpcf7-form-control-wrap\" data-name=\"acceptance-170\"><span class=\"wpcf7-form-control wpcf7-acceptance optional\"><span class=\"wpcf7-list-item\"><label><input type=\"checkbox\" name=\"acceptance-170\" value=\"1\" aria-invalid=\"false\" \/><span class=\"wpcf7-list-item-label\">Kochen und Essen<\/span><\/label><\/span><\/span><\/span><br \/>\n<span class=\"wpcf7-form-control-wrap\" data-name=\"acceptance-322\"><span class=\"wpcf7-form-control wpcf7-acceptance optional\"><span class=\"wpcf7-list-item\"><label><input type=\"checkbox\" name=\"acceptance-322\" value=\"1\" aria-invalid=\"false\" \/><span class=\"wpcf7-list-item-label\">Computer-\/Handy-Unterst\u00fctzung<\/span><\/label><\/span><\/span><\/span><br \/>\n<span class=\"wpcf7-form-control-wrap\" data-name=\"acceptance-447\"><span class=\"wpcf7-form-control wpcf7-acceptance optional\"><span class=\"wpcf7-list-item\"><label><input type=\"checkbox\" name=\"acceptance-447\" value=\"1\" aria-invalid=\"false\" \/><span class=\"wpcf7-list-item-label\">Bewegung, Tanzen<\/span><\/label><\/span><\/span><\/span><br \/>\n<span class=\"wpcf7-form-control-wrap\" data-name=\"acceptance-481\"><span class=\"wpcf7-form-control wpcf7-acceptance optional\"><span class=\"wpcf7-list-item\"><label><input type=\"checkbox\" name=\"acceptance-481\" value=\"1\" aria-invalid=\"false\" \/><span class=\"wpcf7-list-item-label\">Ausstellungen<\/span><\/label><\/span><\/span><\/span><br \/>\n<span class=\"wpcf7-form-control-wrap\" data-name=\"acceptance-349\"><span class=\"wpcf7-form-control wpcf7-acceptance optional\"><span class=\"wpcf7-list-item\"><label><input type=\"checkbox\" name=\"acceptance-349\" value=\"1\" aria-invalid=\"false\" \/><span class=\"wpcf7-list-item-label\">kleine und grosse Abschiede<\/span><\/label><\/span><\/span><\/span>\n<\/p>\n<p><label> Weitere Ideen \/ Ich w\u00fcnsche mir \/ Bemerkungen:<br \/>\n<span class=\"wpcf7-form-control-wrap\" data-name=\"your-message\"><textarea cols=\"40\" rows=\"10\" maxlength=\"2000\" class=\"wpcf7-form-control wpcf7-textarea\" aria-invalid=\"false\" name=\"your-message\"><\/textarea><\/span> <\/label>\n<\/p>\n<p><span class=\"wpcf7-form-control-wrap\" data-name=\"quiz-187\"><label><span class=\"wpcf7-quiz-label\">Ich bin kein Roboter: was ergibt 48 - neun?<\/span> <input size=\"40\" class=\"wpcf7-form-control wpcf7-quiz\" autocomplete=\"off\" aria-required=\"true\" aria-invalid=\"false\" type=\"text\" name=\"quiz-187\" \/><\/label><input type=\"hidden\" name=\"_wpcf7_quiz_answer_quiz-187\" value=\"142ad76730e3660effe8afb4037e90f5\" \/><\/span>\n<\/p>\n<p><input class=\"wpcf7-form-control wpcf7-submit has-spinner\" type=\"submit\" value=\"Senden\" \/>\n<\/p><p style=\"display: none !important;\" class=\"akismet-fields-container\" data-prefix=\"_wpcf7_ak_\"><label>&#916;<textarea name=\"_wpcf7_ak_hp_textarea\" cols=\"45\" rows=\"8\" maxlength=\"100\"><\/textarea><\/label><input type=\"hidden\" id=\"ak_js_1\" name=\"_wpcf7_ak_js\" value=\"12\"\/><script>document.getElementById( \"ak_js_1\" ).setAttribute( \"value\", ( new Date() ).getTime() );<\/script><\/p><div class=\"wpcf7-response-output\" aria-hidden=\"true\"><\/div>\n<\/form>\n<\/div>\n\n","protected":false},"excerpt":{"rendered":"<p>Wir wollen wegen der besonderen Lage (Corona&#8230;) m\u00f6glichst direkte Kontakte vermeiden. Deshalb kannst du Ideen f\u00fcr unsere Angebote elektronisch oder schriftlich (Vereinsbriefkasten) zustellen. Das n\u00e4chste Programm steht bereits, aber f\u00fcr 2021 nehmen wir gerne Anregungen bis Ende August entgegen. Wir sind auf deine R\u00fcckmeldungen angewiesen&#8230; Du kannst uns Deine Anregungen und W\u00fcnsche zum Programm des &hellip; <\/p>\n<p class=\"link-more\"><a href=\"https:\/\/vereinlindentalpark-boll.ch\/?page_id=233\" class=\"more-link\"><span class=\"screen-reader-text\">&#171;R\u00fcckmeldungen an die Programmgruppe&#187;<\/span> weiterlesen<\/a><\/p>\n","protected":false},"author":1,"featured_media":0,"parent":0,"menu_order":0,"comment_status":"closed","ping_status":"closed","template":"","meta":{"footnotes":""},"class_list":["post-233","page","type-page","status-publish","hentry"],"_links":{"self":[{"href":"https:\/\/vereinlindentalpark-boll.ch\/index.php?rest_route=\/wp\/v2\/pages\/233","targetHints":{"allow":["GET"]}}],"collection":[{"href":"https:\/\/vereinlindentalpark-boll.ch\/index.php?rest_route=\/wp\/v2\/pages"}],"about":[{"href":"https:\/\/vereinlindentalpark-boll.ch\/index.php?rest_route=\/wp\/v2\/types\/page"}],"author":[{"embeddable":true,"href":"https:\/\/vereinlindentalpark-boll.ch\/index.php?rest_route=\/wp\/v2\/users\/1"}],"replies":[{"embeddable":true,"href":"https:\/\/vereinlindentalpark-boll.ch\/index.php?rest_route=%2Fwp%2Fv2%2Fcomments&post=233"}],"version-history":[{"count":6,"href":"https:\/\/vereinlindentalpark-boll.ch\/index.php?rest_route=\/wp\/v2\/pages\/233\/revisions"}],"predecessor-version":[{"id":243,"href":"https:\/\/vereinlindentalpark-boll.ch\/index.php?rest_route=\/wp\/v2\/pages\/233\/revisions\/243"}],"wp:attachment":[{"href":"https:\/\/vereinlindentalpark-boll.ch\/index.php?rest_route=%2Fwp%2Fv2%2Fmedia&parent=233"}],"curies":[{"name":"wp","href":"https:\/\/api.w.org\/{rel}","templated":true}]}}