{"id":3,"date":"2019-09-04T10:11:09","date_gmt":"2019-09-04T10:11:09","guid":{"rendered":"https:\/\/vereinlindentalpark-boll.ch\/?page_id=3"},"modified":"2020-02-26T09:47:52","modified_gmt":"2020-02-26T09:47:52","slug":"privacy-policy","status":"publish","type":"page","link":"https:\/\/vereinlindentalpark-boll.ch\/?page_id=3","title":{"rendered":"Datenschutzerkl\u00e4rung"},"content":{"rendered":"\n<h2 class=\"wp-block-heading\">Wer sind wir?<\/h2>\n\n\n\n<p>Unsere Adresse : https:\/\/vereinlindentalpark-boll.ch.<\/p>\n\n\n\n<p>Wir sind ein Verein (s. Beschreibung) und sammeln Daten grunds\u00e4tzlich nur f\u00fcr den internen Gebrauch (zwecks Information unserer Mitglieder und Information an die \u00d6ffentlichkeit \u00fcber unsere T\u00e4tigkeit).<\/p>\n\n\n\n<h2 class=\"wp-block-heading\">Kommentare<\/h2>\n\n\n\n<p>Kommentare werden manuell freigegeben, sind also nicht unmittelbar auf der Webseite sichtbar:<br>Wenn  Besucher Kommentare auf der Website schreiben, sammeln wir die Daten,  die im Kommentar-Formular angezeigt werden, ausserdem die IP-Adresse des  Besuchers und den User-Agent-String (damit wird der Browser  identifiziert), um die Erkennung von Spam zu unterst\u00fctzen.<\/p>\n\n\n\n<p>Aus \nIhrer E-Mail-Adresse kann eine anonymisierte Zeichenfolge erstellt (auch\n Hash genannt) und dem Gravatar-Dienst \u00fcbergeben werden, um zu pr\u00fcfen, \nob Sie diesen benutzt. Die Datenschutzerkl\u00e4rung des Gravatar-Dienstes \nfinden Sie hier: https:\/\/automattic.com\/privacy\/. Nachdem Ihr Kommentar \nfreigegeben wurde, ist Ihr Profilbild \u00f6ffentlich im Kontext Ihres \nKommentars sichtbar.<\/p>\n\n\n\n<p><\/p>\n\n\n\n<h3 class=\"wp-block-heading\">Media<\/h3>\n\n\n\n<p>Bitte keine Bilder mit EXIF-Daten bzw. GPS Informationen hochladen, diese Daten bitte vorg\u00e4ngig entfernen.<\/p>\n\n\n\n<h3 class=\"wp-block-heading\">Kontaktformular:<\/h3>\n\n\n\n<p>Dies l\u00f6st nur ein mail an den Betreiber und keinen Datenbankeintrag aus.<\/p>\n\n\n\n<h3 class=\"wp-block-heading\">Cookies<\/h3>\n\n\n\n<p><\/p>\n\n\n\n<p>Wenn Sie einen \nKommentar auf unserer Website schreiben, kann das eine Einwilligung \nsein, Ihren Namen, E-Mail-Adresse und Website in Cookies zu speichern. \nDies ist eine Komfortfunktion, damit Sie nicht, wenn Sie einen weiteren \nKommentar schreiben, all diese Daten erneut eingeben m\u00fcssen. Diese \nCookies werden ein Jahr lang gespeichert.<\/p>\n\n\n\n<p>Falls Sie ein Konto \nhaben und Sie sich auf dieser Website anmelden, werden wir ein \ntempor\u00e4res Cookie setzen, um festzustellen, ob Ihr Browser Cookies \nakzeptiert. Dieses Cookie enth\u00e4lt keine personenbezogenen Daten und wird\n verworfen, wenn Sie Ihren Browser schliessen.<\/p>\n\n\n\n<p>Wenn Sie sich \nanmelden, werden wir einige Cookies einrichten, um Ihre \nAnmeldeinformationen und Anzeigeoptionen zu speichern. Anmelde-Cookies \nverfallen nach zwei Tagen und Cookies f\u00fcr die Anzeigeoptionen nach einem\n Jahr. Falls Sie bei der Anmeldung \u201eAngemeldet bleiben\u201c ausw\u00e4hlen, wird \nIhre Anmeldung zwei Wochen lang aufrechterhalten. Mit der Abmeldung aus \nIhrem Konto werden die Anmelde-Cookies gel\u00f6scht.<\/p>\n\n\n\n<p>Wenn Sie einen \nArtikel bearbeiten oder ver\u00f6ffentlichen, wird ein zus\u00e4tzlicher Cookie in\n Ihrem Browser gespeichert. Dieser Cookie enth\u00e4lt keine \npersonenbezogenen Daten und verweist nur auf die Beitrags-ID des \nArtikels, den Sie gerade bearbeitet haben. Der Cookie verf\u00e4llt nach \neinem Tag.<\/p>\n\n\n\n<h3 class=\"wp-block-heading\">Eingebettete Beitr\u00e4ge<\/h3>\n\n\n\n<p>Beitr\u00e4ge auf dieser  Website k\u00f6nnen eingebettete Inhalte beinhalten (z.&nbsp;B. Videos, Bilder,  Beitr\u00e4ge etc.). Eingebettete Inhalte von anderen Websites verhalten sich  exakt so, als ob der Besucher die andere Website besucht h\u00e4tte.<\/p>\n\n\n\n<p>Diese\n Websites k\u00f6nnen Daten \u00fcber Sie sammeln, Cookies benutzen, zus\u00e4tzliche \nTracking-Dienste von Dritten einbetten und Ihre Interaktion mit diesem \neingebetteten Inhalt aufzeichnen, inklusive Ihrer Interaktion mit dem \neingebetteten Inhalt, falls Sie ein Konto haben und auf dieser Website \nangemeldet sind.<\/p>\n\n\n\n<p><\/p>\n\n\n\n<h3 class=\"wp-block-heading\">Analytics<\/h3>\n\n\n\n<p>Grunds\u00e4tzlich speichern wir keine Daten \u00fcber de<\/p>\n\n\n\n<p>ie Besucher unserer Webseite. Der Providser kann allerdings Daten bez\u00fcglich des Datenverkehrs zu Analysezwecken speichern.<\/p>\n\n\n\n<h2 class=\"wp-block-heading\">Wie lange bewahren wir Ihre Daten auf?<\/h2>\n\n\n\n<p>Wenn Sie einen Kommentar schreiben, wird dieser inklusive Metadaten \nzeitlich unbegrenzt gespeichert. Auf diese Art k\u00f6nnen wir \nFolgekommentare automatisch erkennen und freigeben, anstelle sie in \neiner Moderations-Warteschlange festzuhalten.<\/p>\n\n\n\n<p>F\u00fcr Benutzer, die \nsich auf unserer Website registrieren, speichern wir zus\u00e4tzlich die \npers\u00f6nlichen Informationen, die sie in ihren Benutzerprofilen angeben. \nAlle Benutzer k\u00f6nnen jederzeit ihre pers\u00f6nlichen Informationen einsehen,\n ver\u00e4ndern oder l\u00f6schen (der Benutzername kann nicht ver\u00e4ndert werden). \nAdministratoren der Website k\u00f6nnen diese Informationen ebenfalls \neinsehen und ver\u00e4ndern.<\/p>\n\n\n\n<p><\/p>\n\n\n\n<h2 class=\"wp-block-heading\">Ihre Rechte<\/h2>\n\n\n\n<p> Wenn Sie ein Konto auf  dieser Website besitzen oder Kommentare geschrieben haben, k\u00f6nnen Sie  einen Export Ihrer personenbezogenen Daten bei uns anfordern, inklusive  aller Daten, die Sie uns mitgeteilt haben. Dar\u00fcber hinaus k\u00f6nnen Sie die  L\u00f6schung aller personenbezogenen Daten, die wir von Ihnen gespeichert  haben, anfordern. Dies umfasst nicht die Daten, die wir aufgrund  administrativer, rechtlicher oder sicherheitsrelevanter Notwendigkeiten  aufbewahren m\u00fcssen. <\/p>\n\n\n\n<h2 class=\"wp-block-heading\">Wo senden wir Ihre Daten hin?<\/h2>\n\n\n\n<p>Kommentare k\u00f6nnen einen automatischen Spamfilter durchlaufen.<\/p>\n","protected":false},"excerpt":{"rendered":"<p>Wer sind wir? Unsere Adresse : https:\/\/vereinlindentalpark-boll.ch. Wir sind ein Verein (s. Beschreibung) und sammeln Daten grunds\u00e4tzlich nur f\u00fcr den internen Gebrauch (zwecks Information unserer Mitglieder und Information an die \u00d6ffentlichkeit \u00fcber unsere T\u00e4tigkeit). Kommentare Kommentare werden manuell freigegeben, sind also nicht unmittelbar auf der Webseite sichtbar:Wenn Besucher Kommentare auf der Website schreiben, sammeln wir &hellip; <\/p>\n<p class=\"link-more\"><a href=\"https:\/\/vereinlindentalpark-boll.ch\/?page_id=3\" class=\"more-link\"><span class=\"screen-reader-text\">&#171;Datenschutzerkl\u00e4rung&#187;<\/span> weiterlesen<\/a><\/p>\n","protected":false},"author":1,"featured_media":0,"parent":0,"menu_order":0,"comment_status":"closed","ping_status":"closed","template":"","meta":{"footnotes":""},"class_list":["post-3","page","type-page","status-publish","hentry"],"_links":{"self":[{"href":"https:\/\/vereinlindentalpark-boll.ch\/index.php?rest_route=\/wp\/v2\/pages\/3","targetHints":{"allow":["GET"]}}],"collection":[{"href":"https:\/\/vereinlindentalpark-boll.ch\/index.php?rest_route=\/wp\/v2\/pages"}],"about":[{"href":"https:\/\/vereinlindentalpark-boll.ch\/index.php?rest_route=\/wp\/v2\/types\/page"}],"author":[{"embeddable":true,"href":"https:\/\/vereinlindentalpark-boll.ch\/index.php?rest_route=\/wp\/v2\/users\/1"}],"replies":[{"embeddable":true,"href":"https:\/\/vereinlindentalpark-boll.ch\/index.php?rest_route=%2Fwp%2Fv2%2Fcomments&post=3"}],"version-history":[{"count":9,"href":"https:\/\/vereinlindentalpark-boll.ch\/index.php?rest_route=\/wp\/v2\/pages\/3\/revisions"}],"predecessor-version":[{"id":222,"href":"https:\/\/vereinlindentalpark-boll.ch\/index.php?rest_route=\/wp\/v2\/pages\/3\/revisions\/222"}],"wp:attachment":[{"href":"https:\/\/vereinlindentalpark-boll.ch\/index.php?rest_route=%2Fwp%2Fv2%2Fmedia&parent=3"}],"curies":[{"name":"wp","href":"https:\/\/api.w.org\/{rel}","templated":true}]}}