{"id":72,"date":"2019-09-17T13:13:09","date_gmt":"2019-09-17T13:13:09","guid":{"rendered":"https:\/\/vereinlindentalpark-boll.ch\/?page_id=72"},"modified":"2026-04-01T13:09:24","modified_gmt":"2026-04-01T13:09:24","slug":"veranstaltungen","status":"publish","type":"page","link":"https:\/\/vereinlindentalpark-boll.ch\/?page_id=72","title":{"rendered":"Veranstaltungen"},"content":{"rendered":"\n<p class=\"has-vivid-red-color has-text-color has-background has-medium-font-size\" style=\"background-color:#90c802\"><a aria-label=\"Programm 2019\/20 (\u00f6ffnet in neuem Tab)\" href=\"https:\/\/vereinlindentalpark-boll.ch\/?p=115\" target=\"_blank\" rel=\"noreferrer noopener\">Hier klicken f\u00fcr die Programm\u00fcbersicht 2026<\/a><\/p>\n\n\n\n<p class=\"has-large-font-size\"><strong> Unsere n\u00e4chsten Veranstaltungen:  <\/strong><\/p>\n\n\n\n<p> im Gemeinschaftsraum, Kernstrasse 4, 3067 Boll  <\/p>\n\n\n\n<h2 class=\"wp-block-heading has-vivid-red-color has-text-color has-large-font-size\" id=\"17-03-2022\">Jeden 1. Donnerstag im Monat, 09.30: Caf\u00e9 <\/h2>\n\n\n\n<h2 class=\"wp-block-heading has-vivid-red-color has-text-color has-link-color has-large-font-size wp-elements-d86653ab0e8f4f4b0f4a92407a815ca6\">16.04.2026<\/h2>\n\n\n\n<p class=\"has-white-color has-white-background-color has-text-color has-background\">Stuhl<\/p>\n\n\n\n<figure class=\"wp-block-image size-large\"><img loading=\"lazy\" decoding=\"async\" width=\"724\" height=\"1024\" src=\"https:\/\/vereinlindentalpark-boll.ch\/wp-content\/uploads\/2026\/04\/2026-04-16_bruno_luescher-724x1024.jpg\" alt=\"\" class=\"wp-image-871\" srcset=\"https:\/\/vereinlindentalpark-boll.ch\/wp-content\/uploads\/2026\/04\/2026-04-16_bruno_luescher-724x1024.jpg 724w, https:\/\/vereinlindentalpark-boll.ch\/wp-content\/uploads\/2026\/04\/2026-04-16_bruno_luescher-212x300.jpg 212w, https:\/\/vereinlindentalpark-boll.ch\/wp-content\/uploads\/2026\/04\/2026-04-16_bruno_luescher-768x1086.jpg 768w, https:\/\/vereinlindentalpark-boll.ch\/wp-content\/uploads\/2026\/04\/2026-04-16_bruno_luescher-1086x1536.jpg 1086w, https:\/\/vereinlindentalpark-boll.ch\/wp-content\/uploads\/2026\/04\/2026-04-16_bruno_luescher-1448x2048.jpg 1448w, https:\/\/vereinlindentalpark-boll.ch\/wp-content\/uploads\/2026\/04\/2026-04-16_bruno_luescher-scaled.jpg 1810w\" sizes=\"auto, (max-width: 724px) 100vw, 724px\" \/><\/figure>\n\n\n\n<h1 class=\"wp-block-heading has-vivid-red-color has-text-color has-link-color has-large-font-size wp-elements-dead988c91530c4f6fc9b4da205c1e86\">30.04.2024, 19.30 Uhr: HV Lindentalpark<\/h1>\n\n\n\n<p><\/p>\n","protected":false},"excerpt":{"rendered":"<p>Hier klicken f\u00fcr die Programm\u00fcbersicht 2026 Unsere n\u00e4chsten Veranstaltungen: im Gemeinschaftsraum, Kernstrasse 4, 3067 Boll Jeden 1. Donnerstag im Monat, 09.30: Caf\u00e9 16.04.2026 Stuhl 30.04.2024, 19.30 Uhr: HV Lindentalpark<\/p>\n","protected":false},"author":1,"featured_media":0,"parent":0,"menu_order":0,"comment_status":"closed","ping_status":"closed","template":"","meta":{"footnotes":""},"class_list":["post-72","page","type-page","status-publish","hentry"],"_links":{"self":[{"href":"https:\/\/vereinlindentalpark-boll.ch\/index.php?rest_route=\/wp\/v2\/pages\/72","targetHints":{"allow":["GET"]}}],"collection":[{"href":"https:\/\/vereinlindentalpark-boll.ch\/index.php?rest_route=\/wp\/v2\/pages"}],"about":[{"href":"https:\/\/vereinlindentalpark-boll.ch\/index.php?rest_route=\/wp\/v2\/types\/page"}],"author":[{"embeddable":true,"href":"https:\/\/vereinlindentalpark-boll.ch\/index.php?rest_route=\/wp\/v2\/users\/1"}],"replies":[{"embeddable":true,"href":"https:\/\/vereinlindentalpark-boll.ch\/index.php?rest_route=%2Fwp%2Fv2%2Fcomments&post=72"}],"version-history":[{"count":135,"href":"https:\/\/vereinlindentalpark-boll.ch\/index.php?rest_route=\/wp\/v2\/pages\/72\/revisions"}],"predecessor-version":[{"id":873,"href":"https:\/\/vereinlindentalpark-boll.ch\/index.php?rest_route=\/wp\/v2\/pages\/72\/revisions\/873"}],"wp:attachment":[{"href":"https:\/\/vereinlindentalpark-boll.ch\/index.php?rest_route=%2Fwp%2Fv2%2Fmedia&parent=72"}],"curies":[{"name":"wp","href":"https:\/\/api.w.org\/{rel}","templated":true}]}}