{"id":9,"date":"2019-09-04T10:54:56","date_gmt":"2019-09-04T10:54:56","guid":{"rendered":"https:\/\/vereinlindentalpark-boll.ch\/?page_id=9"},"modified":"2020-02-26T09:50:43","modified_gmt":"2020-02-26T09:50:43","slug":"ueber-uns","status":"publish","type":"page","link":"https:\/\/vereinlindentalpark-boll.ch\/?page_id=9","title":{"rendered":"\u00dcber uns"},"content":{"rendered":"<p>Der Verein Lindentalpark hat das Ziel, im Quartier, aber auch in der Gemeinde Vechigen \u00fcber die Generationen hinweg den Kontakt zu f\u00f6rdern, gemeinsame Anl\u00e4sse, aber auch Informationsangebote zu organisieren.<\/p>\n<p><a href=\"https:\/\/vereinlindentalpark-boll.ch\/?page_id=3\" data-wplink-edit=\"true\">Datenschutzerkl\u00e4rung<\/a><\/p>\n\n\n<p><\/p>\n","protected":false},"excerpt":{"rendered":"<p>Der Verein Lindentalpark hat das Ziel, im Quartier, aber auch in der Gemeinde Vechigen \u00fcber die Generationen hinweg den Kontakt zu f\u00f6rdern, gemeinsame Anl\u00e4sse, aber auch Informationsangebote zu organisieren. Datenschutzerkl\u00e4rung<\/p>\n","protected":false},"author":1,"featured_media":63,"parent":0,"menu_order":0,"comment_status":"closed","ping_status":"closed","template":"","meta":{"footnotes":""},"class_list":["post-9","page","type-page","status-publish","has-post-thumbnail","hentry"],"_links":{"self":[{"href":"https:\/\/vereinlindentalpark-boll.ch\/index.php?rest_route=\/wp\/v2\/pages\/9","targetHints":{"allow":["GET"]}}],"collection":[{"href":"https:\/\/vereinlindentalpark-boll.ch\/index.php?rest_route=\/wp\/v2\/pages"}],"about":[{"href":"https:\/\/vereinlindentalpark-boll.ch\/index.php?rest_route=\/wp\/v2\/types\/page"}],"author":[{"embeddable":true,"href":"https:\/\/vereinlindentalpark-boll.ch\/index.php?rest_route=\/wp\/v2\/users\/1"}],"replies":[{"embeddable":true,"href":"https:\/\/vereinlindentalpark-boll.ch\/index.php?rest_route=%2Fwp%2Fv2%2Fcomments&post=9"}],"version-history":[{"count":3,"href":"https:\/\/vereinlindentalpark-boll.ch\/index.php?rest_route=\/wp\/v2\/pages\/9\/revisions"}],"predecessor-version":[{"id":223,"href":"https:\/\/vereinlindentalpark-boll.ch\/index.php?rest_route=\/wp\/v2\/pages\/9\/revisions\/223"}],"wp:featuredmedia":[{"embeddable":true,"href":"https:\/\/vereinlindentalpark-boll.ch\/index.php?rest_route=\/wp\/v2\/media\/63"}],"wp:attachment":[{"href":"https:\/\/vereinlindentalpark-boll.ch\/index.php?rest_route=%2Fwp%2Fv2%2Fmedia&parent=9"}],"curies":[{"name":"wp","href":"https:\/\/api.w.org\/{rel}","templated":true}]}}